{"id":1009,"date":"2025-09-30T09:21:37","date_gmt":"2025-09-30T09:21:37","guid":{"rendered":"https:\/\/thelocalboss.com\/?page_id=1009"},"modified":"2025-09-30T10:33:32","modified_gmt":"2025-09-30T10:33:32","slug":"bedingungen","status":"publish","type":"page","link":"https:\/\/thelocalboss.com\/de\/terms-conditions\/","title":{"rendered":"AGB"},"content":{"rendered":"<div data-elementor-type=\"wp-page\" data-elementor-id=\"1009\" class=\"elementor elementor-1009\" data-elementor-post-type=\"page\">\n\t\t\t\t<div class=\"elementor-element elementor-element-d145993 e-con-full e-flex e-con e-parent\" data-id=\"d145993\" data-element_type=\"container\" data-e-type=\"container\">\n\t\t<div class=\"elementor-element elementor-element-7f8ad40 e-flex e-con-boxed e-con e-child\" data-id=\"7f8ad40\" data-element_type=\"container\" data-e-type=\"container\" data-settings=\"{&quot;background_background&quot;:&quot;classic&quot;}\">\n\t\t\t\t\t<div class=\"e-con-inner\">\n\t\t\t\t<div class=\"elementor-element elementor-element-1238c77 elementor-widget elementor-widget-image\" data-id=\"1238c77\" data-element_type=\"widget\" data-e-type=\"widget\" data-widget_type=\"image.default\">\n\t\t\t\t<div class=\"elementor-widget-container\">\n\t\t\t\t\t\t\t\t\t\t\t\t\t\t\t\t<a href=\"https:\/\/thelocalboss.com\/de\/\">\n\t\t\t\t\t\t\t<img fetchpriority=\"high\" decoding=\"async\" width=\"908\" height=\"687\" src=\"https:\/\/thelocalboss.com\/wp-content\/uploads\/2025\/09\/Asset-65-l.png\" class=\"attachment-full size-full wp-image-679\" alt=\"TLB Logo zweifarbig XL\" srcset=\"https:\/\/thelocalboss.com\/wp-content\/uploads\/2025\/09\/Asset-65-l.png 908w, https:\/\/thelocalboss.com\/wp-content\/uploads\/2025\/09\/Asset-65-l-300x227.png 300w, https:\/\/thelocalboss.com\/wp-content\/uploads\/2025\/09\/Asset-65-l-768x581.png 768w\" sizes=\"(max-width: 908px) 100vw, 908px\" \/>\t\t\t\t\t\t\t\t<\/a>\n\t\t\t\t\t\t\t\t\t\t\t\t\t\t\t<\/div>\n\t\t\t\t<\/div>\n\t\t\t\t\t<\/div>\n\t\t\t\t<\/div>\n\t\t\t\t<\/div>\n\t\t<div class=\"elementor-element elementor-element-785164d6 e-flex e-con-boxed e-con e-parent\" data-id=\"785164d6\" data-element_type=\"container\" data-e-type=\"container\">\n\t\t\t\t\t<div class=\"e-con-inner\">\n\t\t\t\t<div class=\"elementor-element elementor-element-22c2bf94 elementor-widget elementor-widget-text-editor\" data-id=\"22c2bf94\" data-element_type=\"widget\" data-e-type=\"widget\" data-widget_type=\"text-editor.default\">\n\t\t\t\t<div class=\"elementor-widget-container\">\n\t\t\t\t\t\t\t\t\t<div class=\"w-layout-blockcontainer container_long_text w-container\"><div class=\"block_long_text_24\"><h1 class=\"heading1_24 left\">Allgemeine Gesch\u00e4ftsbedingungen f\u00fcr Apps<\/h1><div class=\"paragraph_24\"><p><strong>1. Geltungsbereich<\/strong><br \/>Diese Allgemeinen Gesch\u00e4ftsbedingungen (\u201eAGB\u201c) gelten zwischen\nGXperts GmbH und Nutzern der von Gxperts GmbH angebotenen Software f\u00fcr mobile Endger\u00e4te (\u201eApps\u201c). Diese AGB regeln die Bedingungen f\u00fcr den Download und die Nutzung der verschiedenen Apps. Durch die Verwendung unserer Apps erkl\u00e4rt sich der Nutzer mit diesen AGB einverstanden.<\/p><p><strong>2. Nutzeranforderungen<\/strong><br \/>Der Funktionsumfang der Apps kann sich je nach Betriebssystem unterscheiden. Die Funktionen sind im jeweiligen App Store wie z. B. iTunes, Google Play etc. (nachfolgend f\u00fcr alle \u201eApp Store\u201c) beschrieben. Die Hardware- und Firmware-Anforderungen zum Betreiben der App auf Endger\u00e4ten sind im App Store aufgef\u00fchrt.<\/p><p>Aktualisierungen von Apps wird GXperts GmbH im gesetzlich erforderlichen Umfang entsprechend bereitgestellt. Dar\u00fcber hinausgehende Aktualisierungen beh\u00e4lt sich GXperts GmbH nach eigenem Ermessen vor.<\/p><p>Damit der Nutzer mit Hilfe der Apps aktuelle Inhalte auf sein Ger\u00e4t laden kann, setzt GXperts GmbH eine stabile Internet-Verbindung des Endger\u00e4ts des Nutzers voraus. Nach dem Download von Inhalten innerhalb einer App kann der Nutzer die Inhalte unabh\u00e4ngig von einer Internet-Verbindung (offline) nutzen.<\/p><p>GXperts GmbH beh\u00e4lt sich das Recht vor, eine App jederzeit in einer dem Nutzer zumutbaren Art und Weise zu \u00e4ndern, z.B. um diese weiter zu entwickeln und qualitativ zu verbessern. Dies gilt sowohl f\u00fcr technische als auch inhaltliche Weiterentwicklungen.<\/p><p><strong>3. In-App-K\u00e4ufe und Abonnements<\/strong><br \/>Mit Hilfe der App kann der Nutzer aktuelle Inhalte in Form eines selbstverl\u00e4ngernden In-App-Abonnements abrufen (\u201eAbonnement\u201c). Die verf\u00fcgbaren Laufzeiten werden in den Bestelloptionen angezeigt. Ein Abonnement beinhaltet die Aktualisierung des Vorschriftenbestandes \u00fcber einen Updateservice.<\/p><p>Die Abrechnung (siehe dazu Ziff. 4. Zahlungsabwicklung) und Verwaltung des Abonnements erfolgen ausschlie\u00dflich \u00fcber das App Store-Konto des Nutzers. Der Vertrag \u00fcber den (In)App-Kauf und das Abonnement kommt zwischen Nutzer und dem jeweiligen App Store Betreiber zustande.<\/p><p>Das Abonnement verl\u00e4ngert sich nach Ablauf der Mindestvertragslaufzeit automatisch. Die automatische Verl\u00e4ngerung kann bis 24 Stunden vor Ablauf \u00fcber die Kontoeinstellungen im App Store ausgeschaltet werden.<\/p><p>Ein Abonnement kann \u00fcber die Kontoeinstellungen im App Store beendet werden. Nach Beendigung des Abonnements kann der bereits heruntergeladene Vorschriftenbestand weiter genutzt werden. Eine Aktualisierung der Inhalte findet nach Beendigung des Abonnements nicht mehr statt, eben so wenig wie der Zugriff auf der letzten heruntergeladenen Version vorangehenden Versionen von Inhalten.<\/p><p><b>4. Zahlungsabwicklung und Widerrufsrecht<br \/><\/b>Die Zahlungsabwicklung bei kostenpflichtigen Apps und In-App-K\u00e4ufen findet direkt mit dem Betreiber des App-Stores \u00fcber das Nutzerkonto statt.<\/p><p>Eine Erstattung von im App Store geleisteten Zahlungen seitens GXperts GmbH ist ausgeschlossen. Es gelten insoweit die Allgemeinen Gesch\u00e4ftsbedingungen\/Nutzungsbedingungen der Storeanbieter.<\/p><p>Ein etwaiges Widerrufsrecht ist ausschlie\u00dflich bei den Storeanbietern auszu\u00fcben. Es gelten insoweit die Allgemeinen Gesch\u00e4ftsbedingungen\/Nutzungsbedingungen der Storeanbieter.<\/p><p><b>5. Sicherung von Inhalten<br \/><\/b>GXperts GmbH \u00fcbernimmt keine Gew\u00e4hr daf\u00fcr, dass Eintr\u00e4ge in der pers\u00f6nlichen Merkliste der App (z. B. Anmerkungen, Lesezeichen etc.) dauerhaft gespeichert werden. Insbesondere nach Updates k\u00f6nnen diese nicht mehr verf\u00fcgbar sein.<\/p><p><b>6. Haftungsbeschr\u00e4nkung<br \/><\/b>GXperts GmbH wendet bei der Auswahl, Pflege und Aktualit\u00e4t der Inhalte die von einem Verlag \u00fcblicherweise zu erwartende Sorgfalt an. Allerdings \u00fcbernimmt GXperts GmbH keine Gew\u00e4hr f\u00fcr die inhaltliche Richtigkeit, Aktualit\u00e4t und Vollst\u00e4ndigkeit der zur Verf\u00fcgung gestellten Inhalte und deren Auswahl sowie Zusammenstellungen. Dies gilt insbesondere auch soweit GXperts GmbH auf die Zulieferung von Texten Dritter angewiesen ist.<\/p><p>Soweit die Verf\u00fcgbarkeit der App von Leistungen Dritter (insbesondere Telekommunikationsanbietern) abh\u00e4ngig ist \u00fcbernimmt GXperts GmbH keine Haftung f\u00fcr die Verf\u00fcgbarkeit.<\/p><p>GXperts GmbH haftet<\/p><ul><li>\u2022\tunbeschr\u00e4nkt bei Vorsatz oder grober Fahrl\u00e4ssigkeit,<\/li><li>f\u00fcr die Verletzung von Leben, Leib oder Gesundheit,<\/li><li>nach den Vorschriften des Produkthaftungsgesetzes sowie<\/li><li>im Umfang einer vom Auftragnehmer \u00fcbernommenen Garantie.<\/li><\/ul><p>Bei einfach fahrl\u00e4ssiger Verletzung einer Pflicht, die wesentlich f\u00fcr die Erreichung des Vertragszwecks ist (Kardinalpflicht), ist GXperts GmbH Haftung der H\u00f6he nach begrenzt auf den Schaden, der nach der Art des fraglichen Gesch\u00e4ftes vorhersehbar und typisch ist.<\/p><p>Eine weitergehende Haftung von GXperts GmbH besteht nicht.<\/p><p><strong>7. Schutzrechte<\/strong><br \/>GXperts GmbH beh\u00e4lt sich alle Rechte, insbesondere Urhebernutzungsrechte und Markenrechte, an den Apps und s\u00e4mtlichen innerhalb der Apps bereitgestellten Inhalte vor.<\/p><p>Insbesondere handelt es sich bei den zusammengestellten Inhalten der App um eigens von GXperts GmbH hergestellte Datenbankwerke. Die zugeh\u00f6rigen Programme sind als Code UrhG ebenfalls urheberrechtlich gesch\u00fctzt.<\/p><p>Der Nutzer erwirbt mit dem Download einer App eine zeitlich auf die Dauer der Installation beschr\u00e4nkte, nicht-ausschlie\u00dfliche und nicht-\u00fcbertragbare Lizenz zum Herunterladen, Installieren und Verwenden der App auf jedem kompatiblen Endger\u00e4t, dessen Eigent\u00fcmer er ist bzw. der seiner Kontrolle unterliegt. Das Nutzungsrecht umfasst auch etwaige Aktualisierungen (Upgrades, Patches etc.).<\/p><p>Der Nutzer erwirbt an den in der App abgerufenen Inhalten ein einfaches und nicht-\u00fcbertragbares Nutzungsrecht. Das Nutzungsrecht berechtigt den Nutzer zum Herunterladen der Inhalte auf sein Endger\u00e4t sowie dazu, die Inhalte zu konsumieren. Es ist zeitlich auf die f\u00fcr die jeweiligen Inhalte vereinbarte Nutzungsdauer beschr\u00e4nkt. Insbesondere endet das Nutzungsrecht an Altversionen von Inhalten im Fall von Abonnements mit dem Ende des Abonnements.<\/p><p>Dem Nutzer ist es nicht gestattet, eine App zu dekompilieren, zur\u00fcckzuentwickeln, zu disassemblieren, Versuche zur Ableitung des Quellcodes zu unternehmen, den Quellcode zu entschl\u00fcsseln, zu ver\u00e4ndern oder abgeleitete Werke der App oder deren Inhalte zu erstellen oder in anderer Software wiederzuverwenden. Davon unber\u00fchrt bleiben die zwingenden gesetzlichen Vorschriften nach \u00a7 69a ff. UrhG.<\/p><p>Unber\u00fchrt bleiben die urheberrechtlichen Schrankenbestimmungen.<\/p><p><strong>8. Schlussbestimmungen<\/strong><br \/>Nebenabreden, \u00c4nderungen oder Erg\u00e4nzungen bed\u00fcrfen zu ihrer Wirksamkeit der Textform. Dies gilt auch f\u00fcr die Aufhebung der Textform.<\/p><p>Es gilt deutsches Sachrecht unter Ausschluss des UN-Kaufrechts.<\/p><p>Erf\u00fcllungsort ist der Sitz von GXperts GmbH. Ist der Nutzer Kaufmann, juristische Person des \u00f6ffentlichen Rechts oder \u00f6ffentlich-rechtliches Sonderverm\u00f6gen, ist Gerichtsstand f\u00fcr alle Anspr\u00fcche im Zusammenhang mit der Gesch\u00e4ftsbeziehung der Sitz von GXperts GmbH. GXperts GmbH ist berechtigt, auch am allgemeinen Gerichtsstand des Nutzers zu klagen.<\/p><p>Falls der Nutzer nach Vertragsschluss seinen Wohnsitz oder seinen gew\u00f6hnlichen Aufenthaltsort aus dem Geltungsbereich der Bundesrepublik Deutschland verlegt, ist der Gerichtsstand f\u00fcr alle Streitigkeiten aus dieser Vereinbarung der Sitz von GXperts GmbH. Gleiches gilt, wenn der Nutzer seinen Wohnsitz oder gew\u00f6hnlichen Aufenthalt im Ausland hat.<\/p><p>Abweichende oder erg\u00e4nzende Gesch\u00e4ftsbedingungen des Nutzers werden nicht Vertragsbestandteil, es sei denn, GXperts GmbH hat ihrer Geltung ausdr\u00fccklich zugestimmt.<\/p><\/div><\/div><\/div>\t\t\t\t\t\t\t\t<\/div>\n\t\t\t\t<\/div>\n\t\t\t\t\t<\/div>\n\t\t\t\t<\/div>\n\t\t<div class=\"elementor-element elementor-element-ebadbff e-con-full e-flex e-con e-parent\" data-id=\"ebadbff\" data-element_type=\"container\" data-e-type=\"container\">\n\t\t<div class=\"elementor-element elementor-element-0d92e28 e-con-full e-flex e-con e-child\" data-id=\"0d92e28\" data-element_type=\"container\" data-e-type=\"container\" data-settings=\"{&quot;background_background&quot;:&quot;classic&quot;}\">\n\t\t\t\t<div class=\"elementor-element elementor-element-2b46267 elementor-widget elementor-widget-spacer\" data-id=\"2b46267\" data-element_type=\"widget\" data-e-type=\"widget\" data-widget_type=\"spacer.default\">\n\t\t\t\t<div class=\"elementor-widget-container\">\n\t\t\t\t\t\t\t<div class=\"elementor-spacer\">\n\t\t\t<div class=\"elementor-spacer-inner\"><\/div>\n\t\t<\/div>\n\t\t\t\t\t\t<\/div>\n\t\t\t\t<\/div>\n\t\t\t\t<div class=\"elementor-element elementor-element-f284942 elementor-widget elementor-widget-image\" data-id=\"f284942\" data-element_type=\"widget\" data-e-type=\"widget\" data-widget_type=\"image.default\">\n\t\t\t\t<div class=\"elementor-widget-container\">\n\t\t\t\t\t\t\t\t\t\t\t\t\t\t\t<img decoding=\"async\" width=\"455\" height=\"344\" src=\"https:\/\/thelocalboss.com\/wp-content\/uploads\/2025\/09\/Asset-67-m.png\" class=\"attachment-full size-full wp-image-684\" alt=\"TLB Logo compl\" srcset=\"https:\/\/thelocalboss.com\/wp-content\/uploads\/2025\/09\/Asset-67-m.png 455w, https:\/\/thelocalboss.com\/wp-content\/uploads\/2025\/09\/Asset-67-m-300x227.png 300w\" sizes=\"(max-width: 455px) 100vw, 455px\" \/>\t\t\t\t\t\t\t\t\t\t\t\t\t\t\t<\/div>\n\t\t\t\t<\/div>\n\t\t\t\t<div class=\"elementor-element elementor-element-089fd0f elementor-widget__width-initial elementor-widget-tablet__width-initial elementor-widget elementor-widget-heading\" data-id=\"089fd0f\" data-element_type=\"widget\" data-e-type=\"widget\" data-widget_type=\"heading.default\">\n\t\t\t\t<div class=\"elementor-widget-container\">\n\t\t\t\t\t<p class=\"elementor-heading-title elementor-size-default\">Sammle Punkte, hol Medaillen und erobere die Rangliste \u2013 werde The Local Boss<\/p>\t\t\t\t<\/div>\n\t\t\t\t<\/div>\n\t\t\t\t<div class=\"elementor-element elementor-element-42d8fe0 elementor-nav-menu__align-center elementor-nav-menu--dropdown-none elementor-widget elementor-widget-nav-menu\" data-id=\"42d8fe0\" data-element_type=\"widget\" data-e-type=\"widget\" data-settings=\"{&quot;layout&quot;:&quot;horizontal&quot;,&quot;submenu_icon&quot;:{&quot;value&quot;:&quot;&lt;i class=\\&quot;fas fa-caret-down\\&quot;&gt;&lt;\\\/i&gt;&quot;,&quot;library&quot;:&quot;fa-solid&quot;}}\" data-widget_type=\"nav-menu.default\">\n\t\t\t\t<div class=\"elementor-widget-container\">\n\t\t\t\t\t\t\t\t<nav aria-label=\"Men\u00fc\" class=\"elementor-nav-menu--main elementor-nav-menu__container elementor-nav-menu--layout-horizontal e--pointer-underline e--animation-fade\">\n\t\t\t\t<ul id=\"menu-1-42d8fe0\" class=\"elementor-nav-menu\"><li class=\"menu-item menu-item-type-post_type menu-item-object-page menu-item-privacy-policy menu-item-773\"><a rel=\"privacy-policy\" href=\"https:\/\/thelocalboss.com\/de\/privacy-policy\/\" class=\"elementor-item\">Datenschutz<\/a><\/li>\n<li class=\"menu-item menu-item-type-post_type menu-item-object-page menu-item-774\"><a href=\"https:\/\/thelocalboss.com\/de\/impressum\/\" class=\"elementor-item\">Impressum<\/a><\/li>\n<li class=\"menu-item menu-item-type-post_type menu-item-object-page menu-item-1018\"><a href=\"https:\/\/thelocalboss.com\/de\/terms-conditions\/\" class=\"elementor-item\">AGB<\/a><\/li>\n<\/ul>\t\t\t<\/nav>\n\t\t\t\t\t\t<nav class=\"elementor-nav-menu--dropdown elementor-nav-menu__container\" aria-hidden=\"true\">\n\t\t\t\t<ul id=\"menu-2-42d8fe0\" class=\"elementor-nav-menu\"><li class=\"menu-item menu-item-type-post_type menu-item-object-page menu-item-privacy-policy menu-item-773\"><a rel=\"privacy-policy\" href=\"https:\/\/thelocalboss.com\/de\/privacy-policy\/\" class=\"elementor-item\" tabindex=\"-1\">Datenschutz<\/a><\/li>\n<li class=\"menu-item menu-item-type-post_type menu-item-object-page menu-item-774\"><a href=\"https:\/\/thelocalboss.com\/de\/impressum\/\" class=\"elementor-item\" tabindex=\"-1\">Impressum<\/a><\/li>\n<li class=\"menu-item menu-item-type-post_type menu-item-object-page menu-item-1018\"><a href=\"https:\/\/thelocalboss.com\/de\/terms-conditions\/\" class=\"elementor-item\" tabindex=\"-1\">AGB<\/a><\/li>\n<\/ul>\t\t\t<\/nav>\n\t\t\t\t\t\t<\/div>\n\t\t\t\t<\/div>\n\t\t\t\t<div class=\"elementor-element elementor-element-788d629 elementor-widget elementor-widget-spacer\" data-id=\"788d629\" data-element_type=\"widget\" data-e-type=\"widget\" data-widget_type=\"spacer.default\">\n\t\t\t\t<div class=\"elementor-widget-container\">\n\t\t\t\t\t\t\t<div class=\"elementor-spacer\">\n\t\t\t<div class=\"elementor-spacer-inner\"><\/div>\n\t\t<\/div>\n\t\t\t\t\t\t<\/div>\n\t\t\t\t<\/div>\n\t\t\t\t<\/div>\n\t\t\t\t<\/div>\n\t\t\t\t<\/div>","protected":false},"excerpt":{"rendered":"<p>General Terms and Conditions for Apps 1. ScopeThese General Terms and Conditions (\u201cGTC\u201d) apply between GXperts GmbH and users of the software for mobile devices (\u201cApps\u201d) offered by GXperts GmbH. These GTC govern the conditions for downloading and using the various Apps. By using our Apps, the user agrees to these GTC. 2. User RequirementsThe [&hellip;]<\/p>\n","protected":false},"author":3,"featured_media":0,"parent":0,"menu_order":0,"comment_status":"closed","ping_status":"closed","template":"elementor_canvas","meta":{"content-type":"","footnotes":""},"class_list":["post-1009","page","type-page","status-publish","hentry","entry"],"_links":{"self":[{"href":"https:\/\/thelocalboss.com\/de\/wp-json\/wp\/v2\/pages\/1009","targetHints":{"allow":["GET"]}}],"collection":[{"href":"https:\/\/thelocalboss.com\/de\/wp-json\/wp\/v2\/pages"}],"about":[{"href":"https:\/\/thelocalboss.com\/de\/wp-json\/wp\/v2\/types\/page"}],"author":[{"embeddable":true,"href":"https:\/\/thelocalboss.com\/de\/wp-json\/wp\/v2\/users\/3"}],"replies":[{"embeddable":true,"href":"https:\/\/thelocalboss.com\/de\/wp-json\/wp\/v2\/comments?post=1009"}],"version-history":[{"count":7,"href":"https:\/\/thelocalboss.com\/de\/wp-json\/wp\/v2\/pages\/1009\/revisions"}],"predecessor-version":[{"id":1017,"href":"https:\/\/thelocalboss.com\/de\/wp-json\/wp\/v2\/pages\/1009\/revisions\/1017"}],"wp:attachment":[{"href":"https:\/\/thelocalboss.com\/de\/wp-json\/wp\/v2\/media?parent=1009"}],"curies":[{"name":"wp","href":"https:\/\/api.w.org\/{rel}","templated":true}]}}